{"id":7288,"date":"2024-05-31T11:47:46","date_gmt":"2024-05-31T09:47:46","guid":{"rendered":"https:\/\/www.mindyourstep.ch\/solutions\/board-c-suite\/"},"modified":"2025-06-16T11:48:23","modified_gmt":"2025-06-16T09:48:23","slug":"board-c-suite","status":"publish","type":"page","link":"https:\/\/www.mindyourstep.ch\/en\/solutions\/board-c-suite\/","title":{"rendered":"Board &#038; C-Suite"},"content":{"rendered":"<div class=\"wpb-content-wrapper\">[vc_row css=&#8221;.vc_custom_1495002864951{padding-top: 1px !important;padding-bottom: 1px !important;background-color: #eaeaea !important;}&#8221;][vc_column][\/vc_column][\/vc_row][vc_row column_spacing=&#8221;0px&#8221; center_row=&#8221;yes&#8221; css=&#8221;.vc_custom_1745404777649{margin-top: 50px !important;padding-bottom: 100px !important;background: #ffffff url(https:\/\/www.mindyourstep.ch\/wp-content\/uploads\/2025\/03\/mys-backgrounds-2024_C-Suite02.jpg?id=6946) !important;background-position: 0 0 !important;background-repeat: no-repeat !important;}&#8221; wpex_bg_position=&#8221;bottom left&#8221;][vc_column width=&#8221;1\/4&#8243; css=&#8221;.vc_custom_1740418235089{padding-bottom: 50px !important;background-position: center !important;background-repeat: no-repeat !important;background-size: cover !important;}&#8221; wpex_bg_position=&#8221;bottom left&#8221;][vc_column_text css=&#8221;.vc_custom_1750067298089{margin-bottom: 30px !important;}&#8221; text_align=&#8221;left&#8221;]<strong><span style=\"color: #099ea8;\">BOARD &amp; C-SUITE<\/span><\/strong><br \/>\n<span style=\"color: #5b7276; font-size: 14px;\"><a style=\"color: #5b7276;\" href=\"https:\/\/www.mindyourstep.ch\/en\/solutions\/board-c-suite\/branding-positioning\/\">\u00bb Branding &amp; Positioning<\/a><\/span><br \/>\n<span style=\"color: #5b7276; font-size: 14px;\"><a style=\"color: #5b7276;\" href=\"https:\/\/www.mindyourstep.ch\/en\/solutions\/board-c-suite\/valuation\/\">\u00bb Valuation<\/a><\/span><br \/>\n<span style=\"color: #5b7276; font-size: 14px;\"><a style=\"color: #5b7276;\" href=\"https:\/\/www.mindyourstep.ch\/en\/solutions\/board-c-suite\/next-generation\/\">\u00bb Next Generation<\/a><\/span><br \/>\n<span style=\"color: #5b7276; font-size: 14px;\"><a style=\"color: #5b7276;\" href=\"https:\/\/www.mindyourstep.ch\/en\/solutions\/board-c-suite\/sparring-first-100-days\/\">\u00bb Sparring First 100 Days<\/a><\/span><br \/>\n<span style=\"color: #5b7276; font-size: 14px;\"><a style=\"color: #5b7276;\" href=\"https:\/\/www.mindyourstep.ch\/en\/solutions\/board-c-suite\/high-performance-team\/\">\u00bb High Performance Team<\/a><\/span>[\/vc_column_text]<a href=\"https:\/\/www.mindyourstep.ch\/en\/solutions\/factsheets\/\" class=\"vcex-button theme-button inline\"><span class=\"vcex-button-inner theme-button-inner wpex-flex wpex-flex-wrap wpex-items-center wpex-justify-center\">ORDER FACTSHEETS<\/span><\/a> [\/vc_column][vc_column width=&#8221;3\/4&#8243; css=&#8221;.vc_custom_1740418280488{padding-bottom: 100px !important;}&#8221;][vc_column_text css=&#8221;&#8221;]<strong><span style=\"color: #1d9ea8; font-size: 19px;\">\u00abSPARRING AT EYE LEVEL \u2013 INDEPENDENT &amp; CLEAR\u00bb<\/span><\/strong><\/p>\n<p>The Board and C-Suite steer the direction of an organization. They provide vision, meaning, and strategy while balancing stakeholder and societal expectations. We guide individuals into these leadership bodies or act as independent sparring partners in evaluating and planning succession \u2013 WITHOUT BEING involved in executive search. We also support new members through their \u00abFirst 100 Days\u00bb and assist in shaping \u00abHigh Performance Teams\u00bb.[\/vc_column_text]<div class=\"vcex-spacing wpex-w-100 wpex-clear\" style=\"height:40px;\"><\/div><style>.vcex-grid-container.vcex_69eee8b9d19ca{gap:0px;}<\/style><div class=\"vcex-grid-container vcex-module wpex-grid wpex-gap-20 wpex-grid-cols-3 hidden-phone-small vc_custom_1745404845619 vcex_69eee8b9d19ca\"><style>.vcex-image.vcex_69eee8b9d20be .vcex-image-inner{max-width:80%;}<\/style><figure class=\"vcex-image vcex-module vcex_69eee8b9d20be\"><div class=\"vcex-image-inner wpex-relative wpex-inline-block hvr hvr-float-shadow\"><a href=\"https:\/\/www.mindyourstep.ch\/en\/solutions\/leadership-talent-development\/\"><img width=\"525\" height=\"522\" src=\"https:\/\/www.mindyourstep.ch\/wp-content\/uploads\/2025\/02\/B-Leader.png\" class=\"vcex-image-img wpex-align-middle\" alt=\"Leadership &amp; Talent Development |\u00a0mindyourstep L\u00f6sungen\" loading=\"lazy\" decoding=\"async\" srcset=\"https:\/\/www.mindyourstep.ch\/wp-content\/uploads\/2025\/02\/B-Leader.png 525w, https:\/\/www.mindyourstep.ch\/wp-content\/uploads\/2025\/02\/B-Leader-500x497.png 500w, https:\/\/www.mindyourstep.ch\/wp-content\/uploads\/2025\/02\/B-Leader-150x150.png 150w\" sizes=\"auto, (max-width: 525px) 100vw, 525px\" \/><\/a><\/div><\/figure><style>.vcex-image.vcex_69eee8b9d4d52 .vcex-image-inner{max-width:80%;}<\/style><figure class=\"vcex-image vcex-module vcex_69eee8b9d4d52\"><div class=\"vcex-image-inner wpex-relative wpex-inline-block hvr hvr-float-shadow\"><a href=\"https:\/\/www.mindyourstep.ch\/en\/solutions\/career-cycle-management\/\"><img width=\"525\" height=\"522\" src=\"https:\/\/www.mindyourstep.ch\/wp-content\/uploads\/2025\/02\/B-Career-02.png\" class=\"vcex-image-img wpex-align-middle\" alt=\"Career Cycle Management |\u00a0mindyourstep L\u00f6sungen\" loading=\"lazy\" decoding=\"async\" srcset=\"https:\/\/www.mindyourstep.ch\/wp-content\/uploads\/2025\/02\/B-Career-02.png 525w, https:\/\/www.mindyourstep.ch\/wp-content\/uploads\/2025\/02\/B-Career-02-500x497.png 500w, https:\/\/www.mindyourstep.ch\/wp-content\/uploads\/2025\/02\/B-Career-02-150x150.png 150w\" sizes=\"auto, (max-width: 525px) 100vw, 525px\" \/><\/a><\/div><\/figure><style>.vcex-image.vcex_69eee8b9d5e13 .vcex-image-inner{max-width:80%;}<\/style><figure class=\"vcex-image vcex-module vcex_69eee8b9d5e13\"><div class=\"vcex-image-inner wpex-relative wpex-inline-block hvr hvr-float-shadow\"><a href=\"https:\/\/www.mindyourstep.ch\/en\/solutions\/retreat-keynotes\/\"><img width=\"525\" height=\"525\" src=\"https:\/\/www.mindyourstep.ch\/wp-content\/uploads\/2025\/02\/Retreat-und-Keynotes.png\" class=\"vcex-image-img wpex-align-middle\" alt=\"Retreat &amp; Keynotes |\u00a0mindyourstep L\u00f6sungen\" loading=\"lazy\" decoding=\"async\" srcset=\"https:\/\/www.mindyourstep.ch\/wp-content\/uploads\/2025\/02\/Retreat-und-Keynotes.png 525w, https:\/\/www.mindyourstep.ch\/wp-content\/uploads\/2025\/02\/Retreat-und-Keynotes-500x500.png 500w, https:\/\/www.mindyourstep.ch\/wp-content\/uploads\/2025\/02\/Retreat-und-Keynotes-150x150.png 150w\" sizes=\"auto, (max-width: 525px) 100vw, 525px\" \/><\/a><\/div><\/figure><\/div><style>.vcex-grid-container.vcex_69eee8b9d6ccf{gap:0px;}<\/style><div class=\"vcex-grid-container vcex-module wpex-grid wpex-gap-20 wpex-grid-cols-3 visible-phone-small vc_custom_1745404978705 vcex_69eee8b9d6ccf\"><style>.vcex-image.vcex_69eee8b9d7073 .vcex-image-inner{max-width:80%;}<\/style><figure class=\"vcex-image vcex-module vcex_69eee8b9d7073\"><div class=\"vcex-image-inner wpex-relative wpex-inline-block hvr hvr-float-shadow\"><a href=\"https:\/\/www.mindyourstep.ch\/en\/solutions\/leadership-talent-development\/\"><img width=\"525\" height=\"522\" src=\"https:\/\/www.mindyourstep.ch\/wp-content\/uploads\/2025\/02\/B-Leader.png\" class=\"vcex-image-img wpex-align-middle\" alt=\"Leadership &amp; Talent Development |\u00a0mindyourstep L\u00f6sungen\" loading=\"lazy\" decoding=\"async\" srcset=\"https:\/\/www.mindyourstep.ch\/wp-content\/uploads\/2025\/02\/B-Leader.png 525w, https:\/\/www.mindyourstep.ch\/wp-content\/uploads\/2025\/02\/B-Leader-500x497.png 500w, https:\/\/www.mindyourstep.ch\/wp-content\/uploads\/2025\/02\/B-Leader-150x150.png 150w\" sizes=\"auto, (max-width: 525px) 100vw, 525px\" \/><\/a><\/div><\/figure><style>.vcex-image.vcex_69eee8b9d76b4 .vcex-image-inner{max-width:80%;}<\/style><figure class=\"vcex-image vcex-module vcex_69eee8b9d76b4\"><div class=\"vcex-image-inner wpex-relative wpex-inline-block hvr hvr-float-shadow\"><a href=\"https:\/\/www.mindyourstep.ch\/en\/solutions\/career-cycle-management\/\"><img width=\"525\" height=\"522\" src=\"https:\/\/www.mindyourstep.ch\/wp-content\/uploads\/2025\/02\/B-Career-02.png\" class=\"vcex-image-img wpex-align-middle\" alt=\"Career Cycle Management |\u00a0mindyourstep L\u00f6sungen\" loading=\"lazy\" decoding=\"async\" srcset=\"https:\/\/www.mindyourstep.ch\/wp-content\/uploads\/2025\/02\/B-Career-02.png 525w, https:\/\/www.mindyourstep.ch\/wp-content\/uploads\/2025\/02\/B-Career-02-500x497.png 500w, https:\/\/www.mindyourstep.ch\/wp-content\/uploads\/2025\/02\/B-Career-02-150x150.png 150w\" sizes=\"auto, (max-width: 525px) 100vw, 525px\" \/><\/a><\/div><\/figure><style>.vcex-image.vcex_69eee8b9d7ca6 .vcex-image-inner{max-width:80%;}<\/style><figure class=\"vcex-image vcex-module vcex_69eee8b9d7ca6\"><div class=\"vcex-image-inner wpex-relative wpex-inline-block hvr hvr-float-shadow\"><a href=\"https:\/\/www.mindyourstep.ch\/en\/solutions\/retreat-keynotes\/\"><img width=\"525\" height=\"525\" src=\"https:\/\/www.mindyourstep.ch\/wp-content\/uploads\/2025\/02\/Retreat-und-Keynotes.png\" class=\"vcex-image-img wpex-align-middle\" alt=\"Retreat &amp; Keynotes |\u00a0mindyourstep L\u00f6sungen\" loading=\"lazy\" decoding=\"async\" srcset=\"https:\/\/www.mindyourstep.ch\/wp-content\/uploads\/2025\/02\/Retreat-und-Keynotes.png 525w, https:\/\/www.mindyourstep.ch\/wp-content\/uploads\/2025\/02\/Retreat-und-Keynotes-500x500.png 500w, https:\/\/www.mindyourstep.ch\/wp-content\/uploads\/2025\/02\/Retreat-und-Keynotes-150x150.png 150w\" sizes=\"auto, (max-width: 525px) 100vw, 525px\" \/><\/a><\/div><\/figure><\/div><div class=\"vcex-spacing wpex-w-100 wpex-clear\" style=\"height:40px;\"><\/div><div class=\"vcex-spacing wpex-w-100 wpex-clear\" style=\"height:40px;\"><\/div><div class=\"vcex-spacing wpex-w-100 wpex-clear\" style=\"height:40px;\"><\/div>[\/vc_column][\/vc_row]\n<\/div>","protected":false},"excerpt":{"rendered":"<p>[vc_row css=&#8221;.vc_custom_1495002864951{padding-top: 1px !important;padding-bottom: 1px !important;background-color: #eaeaea !important;}&#8221;][vc_column][\/vc_column][\/vc_row][vc_row column_spacing=&#8221;0px&#8221; center_row=&#8221;yes&#8221; css=&#8221;.vc_custom_1745404777649{margin-top: 50px !important;padding-bottom: 100px !important;background: #ffffff url(https:\/\/www.mindyourstep.ch\/wp-content\/uploads\/2025\/03\/mys-backgrounds-2024_C-Suite02.jpg?id=6946) !important;background-position: 0 0 !important;background-repeat: no-repeat !important;}&#8221; wpex_bg_position=&#8221;bottom left&#8221;][vc_column width=&#8221;1\/4&#8243; css=&#8221;.vc_custom_1740418235089{padding-bottom: 50px !important;background-position: center !important;background-repeat: no-repeat !important;background-size: cover !important;}&#8221; wpex_bg_position=&#8221;bottom left&#8221;][vc_column_text css=&#8221;.vc_custom_1750067298089{margin-bottom: 30px !important;}&#8221; text_align=&#8221;left&#8221;]BOARD &amp; C-SUITE \u00bb Branding &amp; Positioning \u00bb Valuation \u00bb Next Generation \u00bb Sparring First&hellip;<\/p>\n","protected":false},"author":1,"featured_media":0,"parent":7281,"menu_order":0,"comment_status":"closed","ping_status":"closed","template":"","meta":{"inline_featured_image":false,"footnotes":""},"class_list":["post-7288","page","type-page","status-publish","hentry","entry","no-media"],"yoast_head":"<!-- This site is optimized with the Yoast SEO plugin v27.4 - https:\/\/yoast.com\/product\/yoast-seo-wordpress\/ -->\n<title>Board &amp; C-Suite \u2013 wirksame Gremien nachhaltig st\u00e4rken<\/title>\n<meta name=\"description\" content=\"Wir begleiten Verwaltungsr\u00e4te &amp; Gesch\u00e4ftsleitungen bei Besetzung, Bewertung, Nachfolge &amp; Performance. Jetzt mit starker F\u00fchrung Zukunft gestalten!\" \/>\n<meta name=\"robots\" content=\"index, follow, max-snippet:-1, max-image-preview:large, max-video-preview:-1\" \/>\n<link rel=\"canonical\" href=\"https:\/\/www.mindyourstep.ch\/en\/solutions\/board-c-suite\/\" \/>\n<meta property=\"og:locale\" content=\"en_US\" \/>\n<meta property=\"og:type\" content=\"article\" \/>\n<meta property=\"og:title\" content=\"Board &amp; C-Suite \u2013 wirksame Gremien nachhaltig st\u00e4rken\" \/>\n<meta property=\"og:description\" content=\"Wir begleiten Verwaltungsr\u00e4te &amp; Gesch\u00e4ftsleitungen bei Besetzung, Bewertung, Nachfolge &amp; Performance. Jetzt mit starker F\u00fchrung Zukunft gestalten!\" \/>\n<meta property=\"og:url\" content=\"https:\/\/www.mindyourstep.ch\/en\/solutions\/board-c-suite\/\" \/>\n<meta property=\"og:site_name\" content=\"mindyourstep GmbH\" \/>\n<meta property=\"article:modified_time\" content=\"2025-06-16T09:48:23+00:00\" \/>\n<meta property=\"og:image\" content=\"https:\/\/www.mindyourstep.ch\/wp-content\/uploads\/2025\/02\/MYS_slide-one-pictore-one.jpg\" \/>\n\t<meta property=\"og:image:width\" content=\"2560\" \/>\n\t<meta property=\"og:image:height\" content=\"1707\" \/>\n\t<meta property=\"og:image:type\" content=\"image\/jpeg\" \/>\n<meta name=\"twitter:card\" content=\"summary_large_image\" \/>\n<meta name=\"twitter:label1\" content=\"Est. reading time\" \/>\n\t<meta name=\"twitter:data1\" content=\"3 minutes\" \/>\n<script type=\"application\/ld+json\" class=\"yoast-schema-graph\">{\"@context\":\"https:\\\/\\\/schema.org\",\"@graph\":[{\"@type\":\"WebPage\",\"@id\":\"https:\\\/\\\/www.mindyourstep.ch\\\/en\\\/solutions\\\/board-c-suite\\\/\",\"url\":\"https:\\\/\\\/www.mindyourstep.ch\\\/en\\\/solutions\\\/board-c-suite\\\/\",\"name\":\"Board & C-Suite \u2013 wirksame Gremien nachhaltig st\u00e4rken\",\"isPartOf\":{\"@id\":\"https:\\\/\\\/www.mindyourstep.ch\\\/en\\\/#website\"},\"datePublished\":\"2024-05-31T09:47:46+00:00\",\"dateModified\":\"2025-06-16T09:48:23+00:00\",\"description\":\"Wir begleiten Verwaltungsr\u00e4te & Gesch\u00e4ftsleitungen bei Besetzung, Bewertung, Nachfolge & Performance. Jetzt mit starker F\u00fchrung Zukunft gestalten!\",\"breadcrumb\":{\"@id\":\"https:\\\/\\\/www.mindyourstep.ch\\\/en\\\/solutions\\\/board-c-suite\\\/#breadcrumb\"},\"inLanguage\":\"en-US\",\"potentialAction\":[{\"@type\":\"ReadAction\",\"target\":[\"https:\\\/\\\/www.mindyourstep.ch\\\/en\\\/solutions\\\/board-c-suite\\\/\"]}]},{\"@type\":\"BreadcrumbList\",\"@id\":\"https:\\\/\\\/www.mindyourstep.ch\\\/en\\\/solutions\\\/board-c-suite\\\/#breadcrumb\",\"itemListElement\":[{\"@type\":\"ListItem\",\"position\":1,\"name\":\"Startseite\",\"item\":\"https:\\\/\\\/www.mindyourstep.ch\\\/en\\\/\"},{\"@type\":\"ListItem\",\"position\":2,\"name\":\"Solutions\",\"item\":\"https:\\\/\\\/www.mindyourstep.ch\\\/en\\\/solutions\\\/\"},{\"@type\":\"ListItem\",\"position\":3,\"name\":\"Board &#038; C-Suite\"}]},{\"@type\":\"WebSite\",\"@id\":\"https:\\\/\\\/www.mindyourstep.ch\\\/en\\\/#website\",\"url\":\"https:\\\/\\\/www.mindyourstep.ch\\\/en\\\/\",\"name\":\"mindyourstep GmbH\",\"description\":\"Chancen im Wandel, Zukunft gestalten\",\"publisher\":{\"@id\":\"https:\\\/\\\/www.mindyourstep.ch\\\/en\\\/#organization\"},\"potentialAction\":[{\"@type\":\"SearchAction\",\"target\":{\"@type\":\"EntryPoint\",\"urlTemplate\":\"https:\\\/\\\/www.mindyourstep.ch\\\/en\\\/?s={search_term_string}\"},\"query-input\":{\"@type\":\"PropertyValueSpecification\",\"valueRequired\":true,\"valueName\":\"search_term_string\"}}],\"inLanguage\":\"en-US\"},{\"@type\":\"Organization\",\"@id\":\"https:\\\/\\\/www.mindyourstep.ch\\\/en\\\/#organization\",\"name\":\"mindyourstep GmbH\",\"url\":\"https:\\\/\\\/www.mindyourstep.ch\\\/en\\\/\",\"logo\":{\"@type\":\"ImageObject\",\"inLanguage\":\"en-US\",\"@id\":\"https:\\\/\\\/www.mindyourstep.ch\\\/en\\\/#\\\/schema\\\/logo\\\/image\\\/\",\"url\":\"https:\\\/\\\/www.mindyourstep.ch\\\/wp-content\\\/uploads\\\/2017\\\/03\\\/logomindyourstep_20170328.png\",\"contentUrl\":\"https:\\\/\\\/www.mindyourstep.ch\\\/wp-content\\\/uploads\\\/2017\\\/03\\\/logomindyourstep_20170328.png\",\"width\":836,\"height\":246,\"caption\":\"mindyourstep GmbH\"},\"image\":{\"@id\":\"https:\\\/\\\/www.mindyourstep.ch\\\/en\\\/#\\\/schema\\\/logo\\\/image\\\/\"}}]}<\/script>\n<!-- \/ Yoast SEO plugin. -->","yoast_head_json":{"title":"Board & C-Suite \u2013 wirksame Gremien nachhaltig st\u00e4rken","description":"Wir begleiten Verwaltungsr\u00e4te & Gesch\u00e4ftsleitungen bei Besetzung, Bewertung, Nachfolge & Performance. Jetzt mit starker F\u00fchrung Zukunft gestalten!","robots":{"index":"index","follow":"follow","max-snippet":"max-snippet:-1","max-image-preview":"max-image-preview:large","max-video-preview":"max-video-preview:-1"},"canonical":"https:\/\/www.mindyourstep.ch\/en\/solutions\/board-c-suite\/","og_locale":"en_US","og_type":"article","og_title":"Board & C-Suite \u2013 wirksame Gremien nachhaltig st\u00e4rken","og_description":"Wir begleiten Verwaltungsr\u00e4te & Gesch\u00e4ftsleitungen bei Besetzung, Bewertung, Nachfolge & Performance. Jetzt mit starker F\u00fchrung Zukunft gestalten!","og_url":"https:\/\/www.mindyourstep.ch\/en\/solutions\/board-c-suite\/","og_site_name":"mindyourstep GmbH","article_modified_time":"2025-06-16T09:48:23+00:00","og_image":[{"width":2560,"height":1707,"url":"https:\/\/www.mindyourstep.ch\/wp-content\/uploads\/2025\/02\/MYS_slide-one-pictore-one.jpg","type":"image\/jpeg"}],"twitter_card":"summary_large_image","twitter_misc":{"Est. reading time":"3 minutes"},"schema":{"@context":"https:\/\/schema.org","@graph":[{"@type":"WebPage","@id":"https:\/\/www.mindyourstep.ch\/en\/solutions\/board-c-suite\/","url":"https:\/\/www.mindyourstep.ch\/en\/solutions\/board-c-suite\/","name":"Board & C-Suite \u2013 wirksame Gremien nachhaltig st\u00e4rken","isPartOf":{"@id":"https:\/\/www.mindyourstep.ch\/en\/#website"},"datePublished":"2024-05-31T09:47:46+00:00","dateModified":"2025-06-16T09:48:23+00:00","description":"Wir begleiten Verwaltungsr\u00e4te & Gesch\u00e4ftsleitungen bei Besetzung, Bewertung, Nachfolge & Performance. Jetzt mit starker F\u00fchrung Zukunft gestalten!","breadcrumb":{"@id":"https:\/\/www.mindyourstep.ch\/en\/solutions\/board-c-suite\/#breadcrumb"},"inLanguage":"en-US","potentialAction":[{"@type":"ReadAction","target":["https:\/\/www.mindyourstep.ch\/en\/solutions\/board-c-suite\/"]}]},{"@type":"BreadcrumbList","@id":"https:\/\/www.mindyourstep.ch\/en\/solutions\/board-c-suite\/#breadcrumb","itemListElement":[{"@type":"ListItem","position":1,"name":"Startseite","item":"https:\/\/www.mindyourstep.ch\/en\/"},{"@type":"ListItem","position":2,"name":"Solutions","item":"https:\/\/www.mindyourstep.ch\/en\/solutions\/"},{"@type":"ListItem","position":3,"name":"Board &#038; C-Suite"}]},{"@type":"WebSite","@id":"https:\/\/www.mindyourstep.ch\/en\/#website","url":"https:\/\/www.mindyourstep.ch\/en\/","name":"mindyourstep GmbH","description":"Chancen im Wandel, Zukunft gestalten","publisher":{"@id":"https:\/\/www.mindyourstep.ch\/en\/#organization"},"potentialAction":[{"@type":"SearchAction","target":{"@type":"EntryPoint","urlTemplate":"https:\/\/www.mindyourstep.ch\/en\/?s={search_term_string}"},"query-input":{"@type":"PropertyValueSpecification","valueRequired":true,"valueName":"search_term_string"}}],"inLanguage":"en-US"},{"@type":"Organization","@id":"https:\/\/www.mindyourstep.ch\/en\/#organization","name":"mindyourstep GmbH","url":"https:\/\/www.mindyourstep.ch\/en\/","logo":{"@type":"ImageObject","inLanguage":"en-US","@id":"https:\/\/www.mindyourstep.ch\/en\/#\/schema\/logo\/image\/","url":"https:\/\/www.mindyourstep.ch\/wp-content\/uploads\/2017\/03\/logomindyourstep_20170328.png","contentUrl":"https:\/\/www.mindyourstep.ch\/wp-content\/uploads\/2017\/03\/logomindyourstep_20170328.png","width":836,"height":246,"caption":"mindyourstep GmbH"},"image":{"@id":"https:\/\/www.mindyourstep.ch\/en\/#\/schema\/logo\/image\/"}}]}},"_links":{"self":[{"href":"https:\/\/www.mindyourstep.ch\/en\/wp-json\/wp\/v2\/pages\/7288","targetHints":{"allow":["GET"]}}],"collection":[{"href":"https:\/\/www.mindyourstep.ch\/en\/wp-json\/wp\/v2\/pages"}],"about":[{"href":"https:\/\/www.mindyourstep.ch\/en\/wp-json\/wp\/v2\/types\/page"}],"author":[{"embeddable":true,"href":"https:\/\/www.mindyourstep.ch\/en\/wp-json\/wp\/v2\/users\/1"}],"replies":[{"embeddable":true,"href":"https:\/\/www.mindyourstep.ch\/en\/wp-json\/wp\/v2\/comments?post=7288"}],"version-history":[{"count":4,"href":"https:\/\/www.mindyourstep.ch\/en\/wp-json\/wp\/v2\/pages\/7288\/revisions"}],"predecessor-version":[{"id":7413,"href":"https:\/\/www.mindyourstep.ch\/en\/wp-json\/wp\/v2\/pages\/7288\/revisions\/7413"}],"up":[{"embeddable":true,"href":"https:\/\/www.mindyourstep.ch\/en\/wp-json\/wp\/v2\/pages\/7281"}],"wp:attachment":[{"href":"https:\/\/www.mindyourstep.ch\/en\/wp-json\/wp\/v2\/media?parent=7288"}],"curies":[{"name":"wp","href":"https:\/\/api.w.org\/{rel}","templated":true}]}}