{"id":7307,"date":"2025-02-27T11:53:51","date_gmt":"2025-02-27T10:53:51","guid":{"rendered":"https:\/\/www.mindyourstep.ch\/solutions\/retreat-keynotes\/"},"modified":"2025-06-13T21:38:52","modified_gmt":"2025-06-13T19:38:52","slug":"retreat-keynotes","status":"publish","type":"page","link":"https:\/\/www.mindyourstep.ch\/en\/solutions\/retreat-keynotes\/","title":{"rendered":"Retreat &#038; Keynotes"},"content":{"rendered":"<div class=\"wpb-content-wrapper\">[vc_row css=&#8221;.vc_custom_1495002864951{padding-top: 1px !important;padding-bottom: 1px !important;background-color: #eaeaea !important;}&#8221;][vc_column][\/vc_column][\/vc_row][vc_row column_spacing=&#8221;0px&#8221; center_row=&#8221;yes&#8221; css=&#8221;.vc_custom_1745419036336{margin-top: 50px !important;padding-bottom: 100px !important;background: #ffffff url(https:\/\/www.mindyourstep.ch\/wp-content\/uploads\/2025\/03\/bubbles_background-retreat_MC.jpg?id=6965) !important;background-position: 0 0 !important;background-repeat: no-repeat !important;}&#8221; wpex_bg_position=&#8221;bottom left&#8221;][vc_column width=&#8221;1\/4&#8243; css=&#8221;.vc_custom_1740418235089{padding-bottom: 50px !important;background-position: center !important;background-repeat: no-repeat !important;background-size: cover !important;}&#8221; wpex_bg_position=&#8221;bottom left&#8221;][vc_column_text css=&#8221;.vc_custom_1749843455411{margin-bottom: 30px !important;}&#8221; text_align=&#8221;left&#8221;]<strong><span style=\"color: #87966c;\">RETREAT &amp; KEYNOTES<\/span><\/strong><br \/>\n<span style=\"color: #5b7276; font-size: 14px;\"><a style=\"color: #5b7276;\" href=\"https:\/\/www.mindyourstep.ch\/en\/solutions\/retreat-keynotes\/management-retreat\/\">\u00bb Management Retreat<\/a><\/span><br \/>\n<span style=\"color: #5b7276; font-size: 14px;\"><a style=\"color: #5b7276;\" href=\"https:\/\/www.mindyourstep.ch\/en\/solutions\/retreat-keynotes\/keynotes\/\">\u00bb Keynotes<\/a><\/span>[\/vc_column_text]<a href=\"https:\/\/www.mindyourstep.ch\/en\/solutions\/factsheets\/\" class=\"vcex-button theme-button inline\"><span class=\"vcex-button-inner theme-button-inner wpex-flex wpex-flex-wrap wpex-items-center wpex-justify-center\">ORDER FACTSHEET<\/span><\/a> [\/vc_column][vc_column width=&#8221;3\/4&#8243; css=&#8221;.vc_custom_1740418280488{padding-bottom: 100px !important;}&#8221;][vc_column_text css=&#8221;&#8221;]<strong><span style=\"color: #1d9ea8; font-size: 19px;\">\u00abSPACE FOR VISION, INSPIRATION FOR CHANGE\u00bb<\/span><\/strong><\/p>\n<p>At our Management Retreat in Klosters, we design custom workshops, support your off-sites, and deliver inspiring keynotes. We also connect you with our trusted expert network if needed.[\/vc_column_text]<div class=\"vcex-spacing wpex-w-100 wpex-clear\" style=\"height:40px;\"><\/div><style>.vcex-grid-container.vcex_69eee86964507{gap:0px;}<\/style><div class=\"vcex-grid-container vcex-module wpex-grid wpex-gap-20 wpex-grid-cols-3 hidden-phone-small vc_custom_1745419043263 vcex_69eee86964507\"><style>.vcex-image.vcex_69eee86964def .vcex-image-inner{max-width:80%;}<\/style><figure class=\"vcex-image vcex-module vcex_69eee86964def\"><div class=\"vcex-image-inner wpex-relative wpex-inline-block hvr hvr-float-shadow\"><a href=\"https:\/\/www.mindyourstep.ch\/en\/solutions\/board-c-suite\/\"><img width=\"525\" height=\"525\" src=\"https:\/\/www.mindyourstep.ch\/wp-content\/uploads\/2025\/02\/B-Board.png\" class=\"vcex-image-img wpex-align-middle\" alt=\"Board &amp; C-Suite |\u00a0mindyourstep L\u00f6sungen\" loading=\"lazy\" decoding=\"async\" srcset=\"https:\/\/www.mindyourstep.ch\/wp-content\/uploads\/2025\/02\/B-Board.png 525w, https:\/\/www.mindyourstep.ch\/wp-content\/uploads\/2025\/02\/B-Board-500x500.png 500w, https:\/\/www.mindyourstep.ch\/wp-content\/uploads\/2025\/02\/B-Board-150x150.png 150w\" sizes=\"auto, (max-width: 525px) 100vw, 525px\" \/><\/a><\/div><\/figure><style>.vcex-image.vcex_69eee86966d1c .vcex-image-inner{max-width:80%;}<\/style><figure class=\"vcex-image vcex-module vcex_69eee86966d1c\"><div class=\"vcex-image-inner wpex-relative wpex-inline-block hvr hvr-float-shadow\"><a href=\"https:\/\/www.mindyourstep.ch\/en\/solutions\/leadership-talent-development\/\"><img width=\"525\" height=\"522\" src=\"https:\/\/www.mindyourstep.ch\/wp-content\/uploads\/2025\/02\/B-Leader.png\" class=\"vcex-image-img wpex-align-middle\" alt=\"Leadership &amp; Talent Development |\u00a0mindyourstep L\u00f6sungen\" loading=\"lazy\" decoding=\"async\" srcset=\"https:\/\/www.mindyourstep.ch\/wp-content\/uploads\/2025\/02\/B-Leader.png 525w, https:\/\/www.mindyourstep.ch\/wp-content\/uploads\/2025\/02\/B-Leader-500x497.png 500w, https:\/\/www.mindyourstep.ch\/wp-content\/uploads\/2025\/02\/B-Leader-150x150.png 150w\" sizes=\"auto, (max-width: 525px) 100vw, 525px\" \/><\/a><\/div><\/figure><style>.vcex-image.vcex_69eee86967d88 .vcex-image-inner{max-width:80%;}<\/style><figure class=\"vcex-image vcex-module vcex_69eee86967d88\"><div class=\"vcex-image-inner wpex-relative wpex-inline-block hvr hvr-float-shadow\"><a href=\"https:\/\/www.mindyourstep.ch\/en\/solutions\/career-cycle-management\/\"><img width=\"525\" height=\"522\" src=\"https:\/\/www.mindyourstep.ch\/wp-content\/uploads\/2025\/02\/B-Career-02.png\" class=\"vcex-image-img wpex-align-middle\" alt=\"Career Cycle Management |\u00a0mindyourstep L\u00f6sungen\" loading=\"lazy\" decoding=\"async\" srcset=\"https:\/\/www.mindyourstep.ch\/wp-content\/uploads\/2025\/02\/B-Career-02.png 525w, https:\/\/www.mindyourstep.ch\/wp-content\/uploads\/2025\/02\/B-Career-02-500x497.png 500w, https:\/\/www.mindyourstep.ch\/wp-content\/uploads\/2025\/02\/B-Career-02-150x150.png 150w\" sizes=\"auto, (max-width: 525px) 100vw, 525px\" \/><\/a><\/div><\/figure><\/div><style>.vcex-grid-container.vcex_69eee86968b13{gap:0px;}<\/style><div class=\"vcex-grid-container vcex-module wpex-grid wpex-gap-20 wpex-grid-cols-3 visible-phone-small vc_custom_1745419200328 vcex_69eee86968b13\"><style>.vcex-image.vcex_69eee86968e7c .vcex-image-inner{max-width:80%;}<\/style><figure class=\"vcex-image vcex-module vcex_69eee86968e7c\"><div class=\"vcex-image-inner wpex-relative wpex-inline-block hvr hvr-float-shadow\"><a href=\"https:\/\/www.mindyourstep.ch\/en\/solutions\/board-c-suite\/\"><img width=\"525\" height=\"525\" src=\"https:\/\/www.mindyourstep.ch\/wp-content\/uploads\/2025\/02\/B-Board.png\" class=\"vcex-image-img wpex-align-middle\" alt=\"Board &amp; C-Suite |\u00a0mindyourstep L\u00f6sungen\" loading=\"lazy\" decoding=\"async\" srcset=\"https:\/\/www.mindyourstep.ch\/wp-content\/uploads\/2025\/02\/B-Board.png 525w, https:\/\/www.mindyourstep.ch\/wp-content\/uploads\/2025\/02\/B-Board-500x500.png 500w, https:\/\/www.mindyourstep.ch\/wp-content\/uploads\/2025\/02\/B-Board-150x150.png 150w\" sizes=\"auto, (max-width: 525px) 100vw, 525px\" \/><\/a><\/div><\/figure><style>.vcex-image.vcex_69eee8696947a .vcex-image-inner{max-width:80%;}<\/style><figure class=\"vcex-image vcex-module vcex_69eee8696947a\"><div class=\"vcex-image-inner wpex-relative wpex-inline-block hvr hvr-float-shadow\"><a href=\"https:\/\/www.mindyourstep.ch\/en\/solutions\/leadership-talent-development\/\"><img width=\"525\" height=\"522\" src=\"https:\/\/www.mindyourstep.ch\/wp-content\/uploads\/2025\/02\/B-Leader.png\" class=\"vcex-image-img wpex-align-middle\" alt=\"Leadership &amp; Talent Development |\u00a0mindyourstep L\u00f6sungen\" loading=\"lazy\" decoding=\"async\" srcset=\"https:\/\/www.mindyourstep.ch\/wp-content\/uploads\/2025\/02\/B-Leader.png 525w, https:\/\/www.mindyourstep.ch\/wp-content\/uploads\/2025\/02\/B-Leader-500x497.png 500w, https:\/\/www.mindyourstep.ch\/wp-content\/uploads\/2025\/02\/B-Leader-150x150.png 150w\" sizes=\"auto, (max-width: 525px) 100vw, 525px\" \/><\/a><\/div><\/figure><style>.vcex-image.vcex_69eee86969a76 .vcex-image-inner{max-width:80%;}<\/style><figure class=\"vcex-image vcex-module vcex_69eee86969a76\"><div class=\"vcex-image-inner wpex-relative wpex-inline-block hvr hvr-float-shadow\"><a href=\"https:\/\/www.mindyourstep.ch\/en\/solutions\/career-cycle-management\/\"><img width=\"525\" height=\"522\" src=\"https:\/\/www.mindyourstep.ch\/wp-content\/uploads\/2025\/02\/B-Career-02.png\" class=\"vcex-image-img wpex-align-middle\" alt=\"Career Cycle Management |\u00a0mindyourstep L\u00f6sungen\" loading=\"lazy\" decoding=\"async\" srcset=\"https:\/\/www.mindyourstep.ch\/wp-content\/uploads\/2025\/02\/B-Career-02.png 525w, https:\/\/www.mindyourstep.ch\/wp-content\/uploads\/2025\/02\/B-Career-02-500x497.png 500w, https:\/\/www.mindyourstep.ch\/wp-content\/uploads\/2025\/02\/B-Career-02-150x150.png 150w\" sizes=\"auto, (max-width: 525px) 100vw, 525px\" \/><\/a><\/div><\/figure><\/div><div class=\"vcex-spacing wpex-w-100 wpex-clear\" style=\"height:40px;\"><\/div><div class=\"vcex-spacing wpex-w-100 wpex-clear\" style=\"height:40px;\"><\/div><div class=\"vcex-spacing wpex-w-100 wpex-clear\" style=\"height:40px;\"><\/div>[\/vc_column][\/vc_row]\n<\/div>","protected":false},"excerpt":{"rendered":"<p>[vc_row css=&#8221;.vc_custom_1495002864951{padding-top: 1px !important;padding-bottom: 1px !important;background-color: #eaeaea !important;}&#8221;][vc_column][\/vc_column][\/vc_row][vc_row column_spacing=&#8221;0px&#8221; center_row=&#8221;yes&#8221; css=&#8221;.vc_custom_1745419036336{margin-top: 50px !important;padding-bottom: 100px !important;background: #ffffff url(https:\/\/www.mindyourstep.ch\/wp-content\/uploads\/2025\/03\/bubbles_background-retreat_MC.jpg?id=6965) !important;background-position: 0 0 !important;background-repeat: no-repeat !important;}&#8221; wpex_bg_position=&#8221;bottom left&#8221;][vc_column width=&#8221;1\/4&#8243; css=&#8221;.vc_custom_1740418235089{padding-bottom: 50px !important;background-position: center !important;background-repeat: no-repeat !important;background-size: cover !important;}&#8221; wpex_bg_position=&#8221;bottom left&#8221;][vc_column_text css=&#8221;.vc_custom_1749843455411{margin-bottom: 30px !important;}&#8221; text_align=&#8221;left&#8221;]RETREAT &amp; KEYNOTES \u00bb Management Retreat \u00bb Keynotes[\/vc_column_text][\/vc_column][vc_column width=&#8221;3\/4&#8243; css=&#8221;.vc_custom_1740418280488{padding-bottom: 100px !important;}&#8221;][vc_column_text css=&#8221;&#8221;]\u00abSPACE FOR VISION,&hellip;<\/p>\n","protected":false},"author":1,"featured_media":0,"parent":7281,"menu_order":0,"comment_status":"closed","ping_status":"closed","template":"","meta":{"inline_featured_image":false,"footnotes":""},"class_list":["post-7307","page","type-page","status-publish","hentry","entry","no-media"],"yoast_head":"<!-- This site is optimized with the Yoast SEO plugin v27.4 - https:\/\/yoast.com\/product\/yoast-seo-wordpress\/ -->\n<title>Retreats &amp; Keynotes \u2013 Impulse f\u00fcr F\u00fchrung &amp; Wandel<\/title>\n<meta name=\"description\" content=\"Inspirierende Keynotes &amp; Retreats in einzigartiger Umgebung \u2013 f\u00fcr F\u00fchrungskr\u00e4fte, Teams &amp; Entscheider. Neue Perspektiven gewinnen. Jetzt entdecken!\" \/>\n<meta name=\"robots\" content=\"index, follow, max-snippet:-1, max-image-preview:large, max-video-preview:-1\" \/>\n<link rel=\"canonical\" href=\"https:\/\/www.mindyourstep.ch\/en\/solutions\/retreat-keynotes\/\" \/>\n<meta property=\"og:locale\" content=\"en_US\" \/>\n<meta property=\"og:type\" content=\"article\" \/>\n<meta property=\"og:title\" content=\"Retreats &amp; Keynotes \u2013 Impulse f\u00fcr F\u00fchrung &amp; Wandel\" \/>\n<meta property=\"og:description\" content=\"Inspirierende Keynotes &amp; Retreats in einzigartiger Umgebung \u2013 f\u00fcr F\u00fchrungskr\u00e4fte, Teams &amp; Entscheider. Neue Perspektiven gewinnen. Jetzt entdecken!\" \/>\n<meta property=\"og:url\" content=\"https:\/\/www.mindyourstep.ch\/en\/solutions\/retreat-keynotes\/\" \/>\n<meta property=\"og:site_name\" content=\"mindyourstep GmbH\" \/>\n<meta property=\"article:modified_time\" content=\"2025-06-13T19:38:52+00:00\" \/>\n<meta property=\"og:image\" content=\"https:\/\/www.mindyourstep.ch\/wp-content\/uploads\/2025\/02\/MYS_slide-one-pictore-one.jpg\" \/>\n\t<meta property=\"og:image:width\" content=\"2560\" \/>\n\t<meta property=\"og:image:height\" content=\"1707\" \/>\n\t<meta property=\"og:image:type\" content=\"image\/jpeg\" \/>\n<meta name=\"twitter:card\" content=\"summary_large_image\" \/>\n<meta name=\"twitter:label1\" content=\"Est. reading time\" \/>\n\t<meta name=\"twitter:data1\" content=\"2 minutes\" \/>\n<script type=\"application\/ld+json\" class=\"yoast-schema-graph\">{\"@context\":\"https:\\\/\\\/schema.org\",\"@graph\":[{\"@type\":\"WebPage\",\"@id\":\"https:\\\/\\\/www.mindyourstep.ch\\\/en\\\/solutions\\\/retreat-keynotes\\\/\",\"url\":\"https:\\\/\\\/www.mindyourstep.ch\\\/en\\\/solutions\\\/retreat-keynotes\\\/\",\"name\":\"Retreats & Keynotes \u2013 Impulse f\u00fcr F\u00fchrung & Wandel\",\"isPartOf\":{\"@id\":\"https:\\\/\\\/www.mindyourstep.ch\\\/en\\\/#website\"},\"datePublished\":\"2025-02-27T10:53:51+00:00\",\"dateModified\":\"2025-06-13T19:38:52+00:00\",\"description\":\"Inspirierende Keynotes & Retreats in einzigartiger Umgebung \u2013 f\u00fcr F\u00fchrungskr\u00e4fte, Teams & Entscheider. Neue Perspektiven gewinnen. Jetzt entdecken!\",\"breadcrumb\":{\"@id\":\"https:\\\/\\\/www.mindyourstep.ch\\\/en\\\/solutions\\\/retreat-keynotes\\\/#breadcrumb\"},\"inLanguage\":\"en-US\",\"potentialAction\":[{\"@type\":\"ReadAction\",\"target\":[\"https:\\\/\\\/www.mindyourstep.ch\\\/en\\\/solutions\\\/retreat-keynotes\\\/\"]}]},{\"@type\":\"BreadcrumbList\",\"@id\":\"https:\\\/\\\/www.mindyourstep.ch\\\/en\\\/solutions\\\/retreat-keynotes\\\/#breadcrumb\",\"itemListElement\":[{\"@type\":\"ListItem\",\"position\":1,\"name\":\"Startseite\",\"item\":\"https:\\\/\\\/www.mindyourstep.ch\\\/en\\\/\"},{\"@type\":\"ListItem\",\"position\":2,\"name\":\"Solutions\",\"item\":\"https:\\\/\\\/www.mindyourstep.ch\\\/en\\\/solutions\\\/\"},{\"@type\":\"ListItem\",\"position\":3,\"name\":\"Retreat &#038; Keynotes\"}]},{\"@type\":\"WebSite\",\"@id\":\"https:\\\/\\\/www.mindyourstep.ch\\\/en\\\/#website\",\"url\":\"https:\\\/\\\/www.mindyourstep.ch\\\/en\\\/\",\"name\":\"mindyourstep GmbH\",\"description\":\"Chancen im Wandel, Zukunft gestalten\",\"publisher\":{\"@id\":\"https:\\\/\\\/www.mindyourstep.ch\\\/en\\\/#organization\"},\"potentialAction\":[{\"@type\":\"SearchAction\",\"target\":{\"@type\":\"EntryPoint\",\"urlTemplate\":\"https:\\\/\\\/www.mindyourstep.ch\\\/en\\\/?s={search_term_string}\"},\"query-input\":{\"@type\":\"PropertyValueSpecification\",\"valueRequired\":true,\"valueName\":\"search_term_string\"}}],\"inLanguage\":\"en-US\"},{\"@type\":\"Organization\",\"@id\":\"https:\\\/\\\/www.mindyourstep.ch\\\/en\\\/#organization\",\"name\":\"mindyourstep GmbH\",\"url\":\"https:\\\/\\\/www.mindyourstep.ch\\\/en\\\/\",\"logo\":{\"@type\":\"ImageObject\",\"inLanguage\":\"en-US\",\"@id\":\"https:\\\/\\\/www.mindyourstep.ch\\\/en\\\/#\\\/schema\\\/logo\\\/image\\\/\",\"url\":\"https:\\\/\\\/www.mindyourstep.ch\\\/wp-content\\\/uploads\\\/2017\\\/03\\\/logomindyourstep_20170328.png\",\"contentUrl\":\"https:\\\/\\\/www.mindyourstep.ch\\\/wp-content\\\/uploads\\\/2017\\\/03\\\/logomindyourstep_20170328.png\",\"width\":836,\"height\":246,\"caption\":\"mindyourstep GmbH\"},\"image\":{\"@id\":\"https:\\\/\\\/www.mindyourstep.ch\\\/en\\\/#\\\/schema\\\/logo\\\/image\\\/\"}}]}<\/script>\n<!-- \/ Yoast SEO plugin. -->","yoast_head_json":{"title":"Retreats & Keynotes \u2013 Impulse f\u00fcr F\u00fchrung & Wandel","description":"Inspirierende Keynotes & Retreats in einzigartiger Umgebung \u2013 f\u00fcr F\u00fchrungskr\u00e4fte, Teams & Entscheider. Neue Perspektiven gewinnen. Jetzt entdecken!","robots":{"index":"index","follow":"follow","max-snippet":"max-snippet:-1","max-image-preview":"max-image-preview:large","max-video-preview":"max-video-preview:-1"},"canonical":"https:\/\/www.mindyourstep.ch\/en\/solutions\/retreat-keynotes\/","og_locale":"en_US","og_type":"article","og_title":"Retreats & Keynotes \u2013 Impulse f\u00fcr F\u00fchrung & Wandel","og_description":"Inspirierende Keynotes & Retreats in einzigartiger Umgebung \u2013 f\u00fcr F\u00fchrungskr\u00e4fte, Teams & Entscheider. Neue Perspektiven gewinnen. Jetzt entdecken!","og_url":"https:\/\/www.mindyourstep.ch\/en\/solutions\/retreat-keynotes\/","og_site_name":"mindyourstep GmbH","article_modified_time":"2025-06-13T19:38:52+00:00","og_image":[{"width":2560,"height":1707,"url":"https:\/\/www.mindyourstep.ch\/wp-content\/uploads\/2025\/02\/MYS_slide-one-pictore-one.jpg","type":"image\/jpeg"}],"twitter_card":"summary_large_image","twitter_misc":{"Est. reading time":"2 minutes"},"schema":{"@context":"https:\/\/schema.org","@graph":[{"@type":"WebPage","@id":"https:\/\/www.mindyourstep.ch\/en\/solutions\/retreat-keynotes\/","url":"https:\/\/www.mindyourstep.ch\/en\/solutions\/retreat-keynotes\/","name":"Retreats & Keynotes \u2013 Impulse f\u00fcr F\u00fchrung & Wandel","isPartOf":{"@id":"https:\/\/www.mindyourstep.ch\/en\/#website"},"datePublished":"2025-02-27T10:53:51+00:00","dateModified":"2025-06-13T19:38:52+00:00","description":"Inspirierende Keynotes & Retreats in einzigartiger Umgebung \u2013 f\u00fcr F\u00fchrungskr\u00e4fte, Teams & Entscheider. Neue Perspektiven gewinnen. Jetzt entdecken!","breadcrumb":{"@id":"https:\/\/www.mindyourstep.ch\/en\/solutions\/retreat-keynotes\/#breadcrumb"},"inLanguage":"en-US","potentialAction":[{"@type":"ReadAction","target":["https:\/\/www.mindyourstep.ch\/en\/solutions\/retreat-keynotes\/"]}]},{"@type":"BreadcrumbList","@id":"https:\/\/www.mindyourstep.ch\/en\/solutions\/retreat-keynotes\/#breadcrumb","itemListElement":[{"@type":"ListItem","position":1,"name":"Startseite","item":"https:\/\/www.mindyourstep.ch\/en\/"},{"@type":"ListItem","position":2,"name":"Solutions","item":"https:\/\/www.mindyourstep.ch\/en\/solutions\/"},{"@type":"ListItem","position":3,"name":"Retreat &#038; Keynotes"}]},{"@type":"WebSite","@id":"https:\/\/www.mindyourstep.ch\/en\/#website","url":"https:\/\/www.mindyourstep.ch\/en\/","name":"mindyourstep GmbH","description":"Chancen im Wandel, Zukunft gestalten","publisher":{"@id":"https:\/\/www.mindyourstep.ch\/en\/#organization"},"potentialAction":[{"@type":"SearchAction","target":{"@type":"EntryPoint","urlTemplate":"https:\/\/www.mindyourstep.ch\/en\/?s={search_term_string}"},"query-input":{"@type":"PropertyValueSpecification","valueRequired":true,"valueName":"search_term_string"}}],"inLanguage":"en-US"},{"@type":"Organization","@id":"https:\/\/www.mindyourstep.ch\/en\/#organization","name":"mindyourstep GmbH","url":"https:\/\/www.mindyourstep.ch\/en\/","logo":{"@type":"ImageObject","inLanguage":"en-US","@id":"https:\/\/www.mindyourstep.ch\/en\/#\/schema\/logo\/image\/","url":"https:\/\/www.mindyourstep.ch\/wp-content\/uploads\/2017\/03\/logomindyourstep_20170328.png","contentUrl":"https:\/\/www.mindyourstep.ch\/wp-content\/uploads\/2017\/03\/logomindyourstep_20170328.png","width":836,"height":246,"caption":"mindyourstep GmbH"},"image":{"@id":"https:\/\/www.mindyourstep.ch\/en\/#\/schema\/logo\/image\/"}}]}},"_links":{"self":[{"href":"https:\/\/www.mindyourstep.ch\/en\/wp-json\/wp\/v2\/pages\/7307","targetHints":{"allow":["GET"]}}],"collection":[{"href":"https:\/\/www.mindyourstep.ch\/en\/wp-json\/wp\/v2\/pages"}],"about":[{"href":"https:\/\/www.mindyourstep.ch\/en\/wp-json\/wp\/v2\/types\/page"}],"author":[{"embeddable":true,"href":"https:\/\/www.mindyourstep.ch\/en\/wp-json\/wp\/v2\/users\/1"}],"replies":[{"embeddable":true,"href":"https:\/\/www.mindyourstep.ch\/en\/wp-json\/wp\/v2\/comments?post=7307"}],"version-history":[{"count":3,"href":"https:\/\/www.mindyourstep.ch\/en\/wp-json\/wp\/v2\/pages\/7307\/revisions"}],"predecessor-version":[{"id":7391,"href":"https:\/\/www.mindyourstep.ch\/en\/wp-json\/wp\/v2\/pages\/7307\/revisions\/7391"}],"up":[{"embeddable":true,"href":"https:\/\/www.mindyourstep.ch\/en\/wp-json\/wp\/v2\/pages\/7281"}],"wp:attachment":[{"href":"https:\/\/www.mindyourstep.ch\/en\/wp-json\/wp\/v2\/media?parent=7307"}],"curies":[{"name":"wp","href":"https:\/\/api.w.org\/{rel}","templated":true}]}}