{"id":7325,"date":"2025-02-26T10:32:34","date_gmt":"2025-02-26T09:32:34","guid":{"rendered":"https:\/\/www.mindyourstep.ch\/solutions\/board-c-suite\/high-performance-team\/"},"modified":"2025-06-16T11:52:21","modified_gmt":"2025-06-16T09:52:21","slug":"high-performance-team","status":"publish","type":"page","link":"https:\/\/www.mindyourstep.ch\/en\/solutions\/board-c-suite\/high-performance-team\/","title":{"rendered":"High Performance Team"},"content":{"rendered":"<div class=\"wpb-content-wrapper\">[vc_row css=&#8221;.vc_custom_1495002864951{padding-top: 1px !important;padding-bottom: 1px !important;background-color: #eaeaea !important;}&#8221;][vc_column][\/vc_column][\/vc_row][vc_row column_spacing=&#8221;0px&#8221; center_row=&#8221;yes&#8221; css=&#8221;.vc_custom_1740210171668{margin-top: 50px !important;background-color: #ffffff !important;}&#8221; wpex_bg_position=&#8221;bottom left&#8221;][vc_column width=&#8221;1\/4&#8243;][vc_column_text css=&#8221;.vc_custom_1750067538563{margin-bottom: 30px !important;}&#8221; text_align=&#8221;left&#8221;]<a href=\"https:\/\/www.mindyourstep.ch\/en\/solutions\/board-c-suite\/\"><strong><span style=\"color: #099ea8;\">BOARD &amp; C-SUITE<\/span><\/strong><\/a><br \/>\n<span style=\"color: #5b7276; font-size: 14px;\"><a style=\"color: #5b7276;\" href=\"https:\/\/www.mindyourstep.ch\/en\/solutions\/board-c-suite\/branding-positioning\/\">\u00bb Branding &amp; Positioning<\/a><\/span><br \/>\n<span style=\"color: #5b7276; font-size: 14px;\"><a href=\"https:\/\/www.mindyourstep.ch\/en\/solutions\/board-c-suite\/valuation\/\"><span style=\"color: #5b7276; font-size: 14px;\">\u00bb Valuation<\/span><\/a><\/span><br \/>\n<span style=\"color: #5b7276; font-size: 14px;\"><a href=\"https:\/\/www.mindyourstep.ch\/en\/solutions\/board-c-suite\/next-generation\/\"><span style=\"color: #5b7276; font-size: 14px;\">\u00bb Next Generation<\/span><\/a><\/span><br \/>\n<span style=\"color: #5b7276; font-size: 14px;\"><a style=\"color: #5b7276;\" href=\"https:\/\/www.mindyourstep.ch\/en\/solutions\/board-c-suite\/sparring-first-100-days\/\">\u00bb Sparring First 100 Days<\/a><\/span><br \/>\n<span style=\"color: #099ea8; font-size: 14px;\">\u00bb High Performance Team<\/span>[\/vc_column_text]<a href=\"https:\/\/www.mindyourstep.ch\/en\/solutions\/factsheets\/\" class=\"vcex-button theme-button inline\"><span class=\"vcex-button-inner theme-button-inner wpex-flex wpex-flex-wrap wpex-items-center wpex-justify-center\">ORDER FACTSHEETS<\/span><\/a> <div class=\"vcex-spacing wpex-w-100 wpex-clear\" style=\"height:60px;\"><\/div>[\/vc_column][vc_column width=&#8221;3\/4&#8243;][vc_column_text css=&#8221;&#8221;]<strong><span style=\"color: #1d9ea8; font-size: 19px;\">\u00abSTRENGTHEN CULTURE, UNLEASH PERFORMANCE\u00bb<\/span><\/strong><\/p>\n<p>In challenging markets, leadership often focuses on measurable success. However, lasting success relies on the \u00absoft\u00bb factors rooted in company culture. We help C-Suites evolve into high-performance teams that make impactful decisions in dynamic environments.[\/vc_column_text]<div class=\"vcex-spacing wpex-w-100 wpex-clear\" style=\"height:20px;\"><\/div>[vc_column_text css=&#8221;&#8221;]<span style=\"color: #099ea8;\"><strong>Your Benefits<\/strong><\/span>[\/vc_column_text]<style>.vcex-bullets.vcex_69fc9a98e7a5f .vcex-bullets-icon{color:#099ea8;}<\/style><div class=\"vcex-module vcex-bullets vcex-bullets--vertical custom-icon vcex_69fc9a98e7a5f\">\n<ul role=\"list\">\n<li><div class=\"vcex-bullets-ci-wrap wpex-inline-flex\"><span class=\"vcex-bullets-icon-wrap vcex-icon-wrap wpex-mr-10\"><span class=\"vcex-bullets-icon vcex-icon entypo-icon entypo-icon-dot\" aria-hidden=\"true\"><\/span><\/span><div class=\"vcex-content wpex-flex-grow\">Foster trust, openness, and authentic behaviour<\/div><\/div><\/li>\n<li><div class=\"vcex-bullets-ci-wrap wpex-inline-flex\"><span class=\"vcex-bullets-icon-wrap vcex-icon-wrap wpex-mr-10\"><span class=\"vcex-bullets-icon vcex-icon entypo-icon entypo-icon-dot\" aria-hidden=\"true\"><\/span><\/span><div class=\"vcex-content wpex-flex-grow\">Develop shared purpose and positive mindset<\/div><\/div><\/li>\n<li><div class=\"vcex-bullets-ci-wrap wpex-inline-flex\"><span class=\"vcex-bullets-icon-wrap vcex-icon-wrap wpex-mr-10\"><span class=\"vcex-bullets-icon vcex-icon entypo-icon entypo-icon-dot\" aria-hidden=\"true\"><\/span><\/span><div class=\"vcex-content wpex-flex-grow\">Gain clarity on communication and measures<\/div><\/div><\/li>\n<li><div class=\"vcex-bullets-ci-wrap wpex-inline-flex\"><span class=\"vcex-bullets-icon-wrap vcex-icon-wrap wpex-mr-10\"><span class=\"vcex-bullets-icon vcex-icon entypo-icon entypo-icon-dot\" aria-hidden=\"true\"><\/span><\/span><div class=\"vcex-content wpex-flex-grow\">Optional individual coaching<\/div><\/div><\/li>\n<li style=\"list-style-type: none\"><\/div><\/div><\/li>\n<\/ul>\n<\/div><div class=\"vcex-spacing wpex-w-100 wpex-clear\" style=\"height:20px;\"><\/div>[vc_column_text css=&#8221;&#8221;]<span style=\"color: #099ea8;\"><strong>Our Approach<\/strong><\/span>[\/vc_column_text]<style>.vcex-bullets.vcex_69fc9a98e7f50 .vcex-bullets-icon{color:#099ea8;}<\/style><div class=\"vcex-module vcex-bullets vcex-bullets--vertical custom-icon vcex_69fc9a98e7f50\">\n<ul role=\"list\">\n<li><div class=\"vcex-bullets-ci-wrap wpex-inline-flex\"><span class=\"vcex-bullets-icon-wrap vcex-icon-wrap wpex-mr-10\"><span class=\"vcex-bullets-icon vcex-icon entypo-icon entypo-icon-dot\" aria-hidden=\"true\"><\/span><\/span><div class=\"vcex-content wpex-flex-grow\">Workshops addressing \u00abI\u00bb (individual), \u00abWE\u00bb (team), and \u00abIT\u00bb (strategy, tools)<\/div><\/div><\/li>\n<li><div class=\"vcex-bullets-ci-wrap wpex-inline-flex\"><span class=\"vcex-bullets-icon-wrap vcex-icon-wrap wpex-mr-10\"><span class=\"vcex-bullets-icon vcex-icon entypo-icon entypo-icon-dot\" aria-hidden=\"true\"><\/span><\/span><div class=\"vcex-content wpex-flex-grow\">Identification and transformation of change behaviours<\/div><\/div><\/li>\n<li><div class=\"vcex-bullets-ci-wrap wpex-inline-flex\"><span class=\"vcex-bullets-icon-wrap vcex-icon-wrap wpex-mr-10\"><span class=\"vcex-bullets-icon vcex-icon entypo-icon entypo-icon-dot\" aria-hidden=\"true\"><\/span><\/span><div class=\"vcex-content wpex-flex-grow\">Diagnosing dysfunctional patterns using appropriate tools<\/div><\/div><\/li>\n<li><div class=\"vcex-bullets-ci-wrap wpex-inline-flex\"><span class=\"vcex-bullets-icon-wrap vcex-icon-wrap wpex-mr-10\"><span class=\"vcex-bullets-icon vcex-icon entypo-icon entypo-icon-dot\" aria-hidden=\"true\"><\/span><\/span><div class=\"vcex-content wpex-flex-grow\">Experimenting and learning beyond comfort zones<\/div><\/div><\/li>\n<\/ul>\n<\/div><div class=\"vcex-spacing wpex-w-100 wpex-clear\" style=\"height:40px;\"><\/div>[vc_column_text css=&#8221;&#8221;]We are happy to discuss the appropriate measures and content in a personal meeting.[\/vc_column_text]<div class=\"vcex-spacing wpex-w-100 wpex-clear\" style=\"height:40px;\"><\/div><style>.vcex-grid-container.vcex_69fc9a98e84e0{gap:0px;}<\/style><div class=\"vcex-grid-container vcex-module wpex-grid wpex-gap-20 wpex-grid-cols-3 hidden-phone-small vc_custom_1745418504486 vcex_69fc9a98e84e0\"><style>.vcex-image.vcex_69fc9a98e8c09 .vcex-image-inner{max-width:80%;}<\/style><figure class=\"vcex-image vcex-module vcex_69fc9a98e8c09\"><div class=\"vcex-image-inner wpex-relative wpex-inline-block hvr hvr-float-shadow\"><a href=\"https:\/\/www.mindyourstep.ch\/en\/solutions\/leadership-talent-development\/\"><img width=\"525\" height=\"522\" src=\"https:\/\/www.mindyourstep.ch\/wp-content\/uploads\/2025\/02\/B-Leader.png\" class=\"vcex-image-img wpex-align-middle\" alt=\"Leadership &amp; Talent Development |\u00a0mindyourstep L\u00f6sungen\" loading=\"lazy\" decoding=\"async\" srcset=\"https:\/\/www.mindyourstep.ch\/wp-content\/uploads\/2025\/02\/B-Leader.png 525w, https:\/\/www.mindyourstep.ch\/wp-content\/uploads\/2025\/02\/B-Leader-500x497.png 500w, https:\/\/www.mindyourstep.ch\/wp-content\/uploads\/2025\/02\/B-Leader-150x150.png 150w\" sizes=\"auto, (max-width: 525px) 100vw, 525px\" \/><\/a><\/div><\/figure><style>.vcex-image.vcex_69fc9a98eb55b .vcex-image-inner{max-width:80%;}<\/style><figure class=\"vcex-image vcex-module vcex_69fc9a98eb55b\"><div class=\"vcex-image-inner wpex-relative wpex-inline-block hvr hvr-float-shadow\"><a href=\"https:\/\/www.mindyourstep.ch\/en\/solutions\/career-cycle-management\/\"><img width=\"525\" height=\"522\" src=\"https:\/\/www.mindyourstep.ch\/wp-content\/uploads\/2025\/02\/B-Career-02.png\" class=\"vcex-image-img wpex-align-middle\" alt=\"Career Cycle Management |\u00a0mindyourstep L\u00f6sungen\" loading=\"lazy\" decoding=\"async\" srcset=\"https:\/\/www.mindyourstep.ch\/wp-content\/uploads\/2025\/02\/B-Career-02.png 525w, https:\/\/www.mindyourstep.ch\/wp-content\/uploads\/2025\/02\/B-Career-02-500x497.png 500w, https:\/\/www.mindyourstep.ch\/wp-content\/uploads\/2025\/02\/B-Career-02-150x150.png 150w\" sizes=\"auto, (max-width: 525px) 100vw, 525px\" \/><\/a><\/div><\/figure><style>.vcex-image.vcex_69fc9a98ecccf .vcex-image-inner{max-width:80%;}<\/style><figure class=\"vcex-image vcex-module vcex_69fc9a98ecccf\"><div class=\"vcex-image-inner wpex-relative wpex-inline-block hvr hvr-float-shadow\"><a href=\"https:\/\/www.mindyourstep.ch\/en\/solutions\/retreat-keynotes\/\"><img width=\"525\" height=\"525\" src=\"https:\/\/www.mindyourstep.ch\/wp-content\/uploads\/2025\/02\/Retreat-und-Keynotes.png\" class=\"vcex-image-img wpex-align-middle\" alt=\"Retreat &amp; Keynotes |\u00a0mindyourstep L\u00f6sungen\" loading=\"lazy\" decoding=\"async\" srcset=\"https:\/\/www.mindyourstep.ch\/wp-content\/uploads\/2025\/02\/Retreat-und-Keynotes.png 525w, https:\/\/www.mindyourstep.ch\/wp-content\/uploads\/2025\/02\/Retreat-und-Keynotes-500x500.png 500w, https:\/\/www.mindyourstep.ch\/wp-content\/uploads\/2025\/02\/Retreat-und-Keynotes-150x150.png 150w\" sizes=\"auto, (max-width: 525px) 100vw, 525px\" \/><\/a><\/div><\/figure><\/div><style>.vcex-grid-container.vcex_69fc9a98ee03c{gap:0px;}<\/style><div class=\"vcex-grid-container vcex-module wpex-grid wpex-gap-20 wpex-grid-cols-3 visible-phone-small vcex_69fc9a98ee03c\"><style>.vcex-image.vcex_69fc9a98ee495 .vcex-image-inner{max-width:80%;}<\/style><figure class=\"vcex-image vcex-module vcex_69fc9a98ee495\"><div class=\"vcex-image-inner wpex-relative wpex-inline-block hvr hvr-float-shadow\"><a href=\"https:\/\/www.mindyourstep.ch\/en\/solutions\/leadership-talent-development\/\"><img width=\"525\" height=\"522\" src=\"https:\/\/www.mindyourstep.ch\/wp-content\/uploads\/2025\/02\/B-Leader.png\" class=\"vcex-image-img wpex-align-middle\" alt=\"Leadership &amp; Talent Development |\u00a0mindyourstep L\u00f6sungen\" loading=\"lazy\" decoding=\"async\" srcset=\"https:\/\/www.mindyourstep.ch\/wp-content\/uploads\/2025\/02\/B-Leader.png 525w, https:\/\/www.mindyourstep.ch\/wp-content\/uploads\/2025\/02\/B-Leader-500x497.png 500w, https:\/\/www.mindyourstep.ch\/wp-content\/uploads\/2025\/02\/B-Leader-150x150.png 150w\" sizes=\"auto, (max-width: 525px) 100vw, 525px\" \/><\/a><\/div><\/figure><style>.vcex-image.vcex_69fc9a98eecf4 .vcex-image-inner{max-width:80%;}<\/style><figure class=\"vcex-image vcex-module vcex_69fc9a98eecf4\"><div class=\"vcex-image-inner wpex-relative wpex-inline-block hvr hvr-float-shadow\"><a href=\"https:\/\/www.mindyourstep.ch\/en\/solutions\/career-cycle-management\/\"><img width=\"525\" height=\"522\" src=\"https:\/\/www.mindyourstep.ch\/wp-content\/uploads\/2025\/02\/B-Career-02.png\" class=\"vcex-image-img wpex-align-middle\" alt=\"Career Cycle Management |\u00a0mindyourstep L\u00f6sungen\" loading=\"lazy\" decoding=\"async\" srcset=\"https:\/\/www.mindyourstep.ch\/wp-content\/uploads\/2025\/02\/B-Career-02.png 525w, https:\/\/www.mindyourstep.ch\/wp-content\/uploads\/2025\/02\/B-Career-02-500x497.png 500w, https:\/\/www.mindyourstep.ch\/wp-content\/uploads\/2025\/02\/B-Career-02-150x150.png 150w\" sizes=\"auto, (max-width: 525px) 100vw, 525px\" \/><\/a><\/div><\/figure><style>.vcex-image.vcex_69fc9a98ef4a0 .vcex-image-inner{max-width:80%;}<\/style><figure class=\"vcex-image vcex-module vcex_69fc9a98ef4a0\"><div class=\"vcex-image-inner wpex-relative wpex-inline-block hvr hvr-float-shadow\"><a href=\"https:\/\/www.mindyourstep.ch\/en\/solutions\/retreat-keynotes\/\"><img width=\"525\" height=\"525\" src=\"https:\/\/www.mindyourstep.ch\/wp-content\/uploads\/2025\/02\/Retreat-und-Keynotes.png\" class=\"vcex-image-img wpex-align-middle\" alt=\"Retreat &amp; Keynotes |\u00a0mindyourstep L\u00f6sungen\" loading=\"lazy\" decoding=\"async\" srcset=\"https:\/\/www.mindyourstep.ch\/wp-content\/uploads\/2025\/02\/Retreat-und-Keynotes.png 525w, https:\/\/www.mindyourstep.ch\/wp-content\/uploads\/2025\/02\/Retreat-und-Keynotes-500x500.png 500w, https:\/\/www.mindyourstep.ch\/wp-content\/uploads\/2025\/02\/Retreat-und-Keynotes-150x150.png 150w\" sizes=\"auto, (max-width: 525px) 100vw, 525px\" \/><\/a><\/div><\/figure><\/div><div class=\"vcex-spacing wpex-w-100 wpex-clear\" style=\"height:40px;\"><\/div><div class=\"vcex-spacing wpex-w-100 wpex-clear\" style=\"height:40px;\"><\/div><div class=\"vcex-spacing wpex-w-100 wpex-clear\" style=\"height:40px;\"><\/div>[\/vc_column][\/vc_row]\n<\/div>","protected":false},"excerpt":{"rendered":"<p>[vc_row css=&#8221;.vc_custom_1495002864951{padding-top: 1px !important;padding-bottom: 1px !important;background-color: #eaeaea !important;}&#8221;][vc_column][\/vc_column][\/vc_row][vc_row column_spacing=&#8221;0px&#8221; center_row=&#8221;yes&#8221; css=&#8221;.vc_custom_1740210171668{margin-top: 50px !important;background-color: #ffffff !important;}&#8221; wpex_bg_position=&#8221;bottom left&#8221;][vc_column width=&#8221;1\/4&#8243;][vc_column_text css=&#8221;.vc_custom_1750067538563{margin-bottom: 30px !important;}&#8221; text_align=&#8221;left&#8221;]BOARD &amp; C-SUITE \u00bb Branding &amp; Positioning \u00bb Valuation \u00bb Next Generation \u00bb Sparring First 100 Days \u00bb High Performance Team[\/vc_column_text][\/vc_column][vc_column width=&#8221;3\/4&#8243;][vc_column_text css=&#8221;&#8221;]\u00abSTRENGTHEN CULTURE, UNLEASH PERFORMANCE\u00bb In challenging markets, leadership often focuses on measurable&hellip;<\/p>\n","protected":false},"author":1,"featured_media":0,"parent":7288,"menu_order":0,"comment_status":"closed","ping_status":"closed","template":"","meta":{"inline_featured_image":false,"footnotes":""},"class_list":["post-7325","page","type-page","status-publish","hentry","entry","no-media"],"yoast_head":"<!-- This site is optimized with the Yoast SEO plugin v27.4 - https:\/\/yoast.com\/product\/yoast-seo-wordpress\/ -->\n<title>High Performance Team | Kultur st\u00e4rken und Leistung entfesseln<\/title>\n<meta name=\"description\" content=\"Aus F\u00fchrung wird Teamst\u00e4rke: Wir begleiten Sie auf dem Weg zum \u00abHigh Performance Team\u00bb. Erfolg wir erleb- und erlernbar. Stellen Sie daf\u00fcr die Weichen und reden Sie mit uns!\" \/>\n<meta name=\"robots\" content=\"index, follow, max-snippet:-1, max-image-preview:large, max-video-preview:-1\" \/>\n<link rel=\"canonical\" href=\"https:\/\/www.mindyourstep.ch\/en\/solutions\/board-c-suite\/high-performance-team\/\" \/>\n<meta property=\"og:locale\" content=\"en_US\" \/>\n<meta property=\"og:type\" content=\"article\" \/>\n<meta property=\"og:title\" content=\"High Performance Team | Kultur st\u00e4rken und Leistung entfesseln\" \/>\n<meta property=\"og:description\" content=\"Aus F\u00fchrung wird Teamst\u00e4rke: Wir begleiten Sie auf dem Weg zum \u00abHigh Performance Team\u00bb. Erfolg wir erleb- und erlernbar. Stellen Sie daf\u00fcr die Weichen und reden Sie mit uns!\" \/>\n<meta property=\"og:url\" content=\"https:\/\/www.mindyourstep.ch\/en\/solutions\/board-c-suite\/high-performance-team\/\" \/>\n<meta property=\"og:site_name\" content=\"mindyourstep GmbH\" \/>\n<meta property=\"article:modified_time\" content=\"2025-06-16T09:52:21+00:00\" \/>\n<meta property=\"og:image\" content=\"https:\/\/www.mindyourstep.ch\/wp-content\/uploads\/2025\/02\/MYS_slide-one-pictore-one.jpg\" \/>\n\t<meta property=\"og:image:width\" content=\"2560\" \/>\n\t<meta property=\"og:image:height\" content=\"1707\" \/>\n\t<meta property=\"og:image:type\" content=\"image\/jpeg\" \/>\n<meta name=\"twitter:card\" content=\"summary_large_image\" \/>\n<meta name=\"twitter:label1\" content=\"Est. reading time\" \/>\n\t<meta name=\"twitter:data1\" content=\"2 minutes\" \/>\n<script type=\"application\/ld+json\" class=\"yoast-schema-graph\">{\"@context\":\"https:\\\/\\\/schema.org\",\"@graph\":[{\"@type\":\"WebPage\",\"@id\":\"https:\\\/\\\/www.mindyourstep.ch\\\/en\\\/solutions\\\/board-c-suite\\\/high-performance-team\\\/\",\"url\":\"https:\\\/\\\/www.mindyourstep.ch\\\/en\\\/solutions\\\/board-c-suite\\\/high-performance-team\\\/\",\"name\":\"High Performance Team | Kultur st\u00e4rken und Leistung entfesseln\",\"isPartOf\":{\"@id\":\"https:\\\/\\\/www.mindyourstep.ch\\\/en\\\/#website\"},\"datePublished\":\"2025-02-26T09:32:34+00:00\",\"dateModified\":\"2025-06-16T09:52:21+00:00\",\"description\":\"Aus F\u00fchrung wird Teamst\u00e4rke: Wir begleiten Sie auf dem Weg zum \u00abHigh Performance Team\u00bb. Erfolg wir erleb- und erlernbar. Stellen Sie daf\u00fcr die Weichen und reden Sie mit uns!\",\"breadcrumb\":{\"@id\":\"https:\\\/\\\/www.mindyourstep.ch\\\/en\\\/solutions\\\/board-c-suite\\\/high-performance-team\\\/#breadcrumb\"},\"inLanguage\":\"en-US\",\"potentialAction\":[{\"@type\":\"ReadAction\",\"target\":[\"https:\\\/\\\/www.mindyourstep.ch\\\/en\\\/solutions\\\/board-c-suite\\\/high-performance-team\\\/\"]}]},{\"@type\":\"BreadcrumbList\",\"@id\":\"https:\\\/\\\/www.mindyourstep.ch\\\/en\\\/solutions\\\/board-c-suite\\\/high-performance-team\\\/#breadcrumb\",\"itemListElement\":[{\"@type\":\"ListItem\",\"position\":1,\"name\":\"Startseite\",\"item\":\"https:\\\/\\\/www.mindyourstep.ch\\\/en\\\/\"},{\"@type\":\"ListItem\",\"position\":2,\"name\":\"Solutions\",\"item\":\"https:\\\/\\\/www.mindyourstep.ch\\\/en\\\/solutions\\\/\"},{\"@type\":\"ListItem\",\"position\":3,\"name\":\"Board &#038; C-Suite\",\"item\":\"https:\\\/\\\/www.mindyourstep.ch\\\/en\\\/solutions\\\/board-c-suite\\\/\"},{\"@type\":\"ListItem\",\"position\":4,\"name\":\"High Performance Team\"}]},{\"@type\":\"WebSite\",\"@id\":\"https:\\\/\\\/www.mindyourstep.ch\\\/en\\\/#website\",\"url\":\"https:\\\/\\\/www.mindyourstep.ch\\\/en\\\/\",\"name\":\"mindyourstep GmbH\",\"description\":\"Chancen im Wandel, Zukunft gestalten\",\"publisher\":{\"@id\":\"https:\\\/\\\/www.mindyourstep.ch\\\/en\\\/#organization\"},\"potentialAction\":[{\"@type\":\"SearchAction\",\"target\":{\"@type\":\"EntryPoint\",\"urlTemplate\":\"https:\\\/\\\/www.mindyourstep.ch\\\/en\\\/?s={search_term_string}\"},\"query-input\":{\"@type\":\"PropertyValueSpecification\",\"valueRequired\":true,\"valueName\":\"search_term_string\"}}],\"inLanguage\":\"en-US\"},{\"@type\":\"Organization\",\"@id\":\"https:\\\/\\\/www.mindyourstep.ch\\\/en\\\/#organization\",\"name\":\"mindyourstep GmbH\",\"url\":\"https:\\\/\\\/www.mindyourstep.ch\\\/en\\\/\",\"logo\":{\"@type\":\"ImageObject\",\"inLanguage\":\"en-US\",\"@id\":\"https:\\\/\\\/www.mindyourstep.ch\\\/en\\\/#\\\/schema\\\/logo\\\/image\\\/\",\"url\":\"https:\\\/\\\/www.mindyourstep.ch\\\/wp-content\\\/uploads\\\/2017\\\/03\\\/logomindyourstep_20170328.png\",\"contentUrl\":\"https:\\\/\\\/www.mindyourstep.ch\\\/wp-content\\\/uploads\\\/2017\\\/03\\\/logomindyourstep_20170328.png\",\"width\":836,\"height\":246,\"caption\":\"mindyourstep GmbH\"},\"image\":{\"@id\":\"https:\\\/\\\/www.mindyourstep.ch\\\/en\\\/#\\\/schema\\\/logo\\\/image\\\/\"}}]}<\/script>\n<!-- \/ Yoast SEO plugin. -->","yoast_head_json":{"title":"High Performance Team | Kultur st\u00e4rken und Leistung entfesseln","description":"Aus F\u00fchrung wird Teamst\u00e4rke: Wir begleiten Sie auf dem Weg zum \u00abHigh Performance Team\u00bb. Erfolg wir erleb- und erlernbar. Stellen Sie daf\u00fcr die Weichen und reden Sie mit uns!","robots":{"index":"index","follow":"follow","max-snippet":"max-snippet:-1","max-image-preview":"max-image-preview:large","max-video-preview":"max-video-preview:-1"},"canonical":"https:\/\/www.mindyourstep.ch\/en\/solutions\/board-c-suite\/high-performance-team\/","og_locale":"en_US","og_type":"article","og_title":"High Performance Team | Kultur st\u00e4rken und Leistung entfesseln","og_description":"Aus F\u00fchrung wird Teamst\u00e4rke: Wir begleiten Sie auf dem Weg zum \u00abHigh Performance Team\u00bb. Erfolg wir erleb- und erlernbar. Stellen Sie daf\u00fcr die Weichen und reden Sie mit uns!","og_url":"https:\/\/www.mindyourstep.ch\/en\/solutions\/board-c-suite\/high-performance-team\/","og_site_name":"mindyourstep GmbH","article_modified_time":"2025-06-16T09:52:21+00:00","og_image":[{"width":2560,"height":1707,"url":"https:\/\/www.mindyourstep.ch\/wp-content\/uploads\/2025\/02\/MYS_slide-one-pictore-one.jpg","type":"image\/jpeg"}],"twitter_card":"summary_large_image","twitter_misc":{"Est. reading time":"2 minutes"},"schema":{"@context":"https:\/\/schema.org","@graph":[{"@type":"WebPage","@id":"https:\/\/www.mindyourstep.ch\/en\/solutions\/board-c-suite\/high-performance-team\/","url":"https:\/\/www.mindyourstep.ch\/en\/solutions\/board-c-suite\/high-performance-team\/","name":"High Performance Team | Kultur st\u00e4rken und Leistung entfesseln","isPartOf":{"@id":"https:\/\/www.mindyourstep.ch\/en\/#website"},"datePublished":"2025-02-26T09:32:34+00:00","dateModified":"2025-06-16T09:52:21+00:00","description":"Aus F\u00fchrung wird Teamst\u00e4rke: Wir begleiten Sie auf dem Weg zum \u00abHigh Performance Team\u00bb. Erfolg wir erleb- und erlernbar. Stellen Sie daf\u00fcr die Weichen und reden Sie mit uns!","breadcrumb":{"@id":"https:\/\/www.mindyourstep.ch\/en\/solutions\/board-c-suite\/high-performance-team\/#breadcrumb"},"inLanguage":"en-US","potentialAction":[{"@type":"ReadAction","target":["https:\/\/www.mindyourstep.ch\/en\/solutions\/board-c-suite\/high-performance-team\/"]}]},{"@type":"BreadcrumbList","@id":"https:\/\/www.mindyourstep.ch\/en\/solutions\/board-c-suite\/high-performance-team\/#breadcrumb","itemListElement":[{"@type":"ListItem","position":1,"name":"Startseite","item":"https:\/\/www.mindyourstep.ch\/en\/"},{"@type":"ListItem","position":2,"name":"Solutions","item":"https:\/\/www.mindyourstep.ch\/en\/solutions\/"},{"@type":"ListItem","position":3,"name":"Board &#038; C-Suite","item":"https:\/\/www.mindyourstep.ch\/en\/solutions\/board-c-suite\/"},{"@type":"ListItem","position":4,"name":"High Performance Team"}]},{"@type":"WebSite","@id":"https:\/\/www.mindyourstep.ch\/en\/#website","url":"https:\/\/www.mindyourstep.ch\/en\/","name":"mindyourstep GmbH","description":"Chancen im Wandel, Zukunft gestalten","publisher":{"@id":"https:\/\/www.mindyourstep.ch\/en\/#organization"},"potentialAction":[{"@type":"SearchAction","target":{"@type":"EntryPoint","urlTemplate":"https:\/\/www.mindyourstep.ch\/en\/?s={search_term_string}"},"query-input":{"@type":"PropertyValueSpecification","valueRequired":true,"valueName":"search_term_string"}}],"inLanguage":"en-US"},{"@type":"Organization","@id":"https:\/\/www.mindyourstep.ch\/en\/#organization","name":"mindyourstep GmbH","url":"https:\/\/www.mindyourstep.ch\/en\/","logo":{"@type":"ImageObject","inLanguage":"en-US","@id":"https:\/\/www.mindyourstep.ch\/en\/#\/schema\/logo\/image\/","url":"https:\/\/www.mindyourstep.ch\/wp-content\/uploads\/2017\/03\/logomindyourstep_20170328.png","contentUrl":"https:\/\/www.mindyourstep.ch\/wp-content\/uploads\/2017\/03\/logomindyourstep_20170328.png","width":836,"height":246,"caption":"mindyourstep GmbH"},"image":{"@id":"https:\/\/www.mindyourstep.ch\/en\/#\/schema\/logo\/image\/"}}]}},"_links":{"self":[{"href":"https:\/\/www.mindyourstep.ch\/en\/wp-json\/wp\/v2\/pages\/7325","targetHints":{"allow":["GET"]}}],"collection":[{"href":"https:\/\/www.mindyourstep.ch\/en\/wp-json\/wp\/v2\/pages"}],"about":[{"href":"https:\/\/www.mindyourstep.ch\/en\/wp-json\/wp\/v2\/types\/page"}],"author":[{"embeddable":true,"href":"https:\/\/www.mindyourstep.ch\/en\/wp-json\/wp\/v2\/users\/1"}],"replies":[{"embeddable":true,"href":"https:\/\/www.mindyourstep.ch\/en\/wp-json\/wp\/v2\/comments?post=7325"}],"version-history":[{"count":3,"href":"https:\/\/www.mindyourstep.ch\/en\/wp-json\/wp\/v2\/pages\/7325\/revisions"}],"predecessor-version":[{"id":7418,"href":"https:\/\/www.mindyourstep.ch\/en\/wp-json\/wp\/v2\/pages\/7325\/revisions\/7418"}],"up":[{"embeddable":true,"href":"https:\/\/www.mindyourstep.ch\/en\/wp-json\/wp\/v2\/pages\/7288"}],"wp:attachment":[{"href":"https:\/\/www.mindyourstep.ch\/en\/wp-json\/wp\/v2\/media?parent=7325"}],"curies":[{"name":"wp","href":"https:\/\/api.w.org\/{rel}","templated":true}]}}